{"id":1512,"date":"2024-02-01T17:22:43","date_gmt":"2024-02-01T17:22:43","guid":{"rendered":"https:\/\/civicenergy.cat\/blog\/comunidades-energeticas\/"},"modified":"2024-05-02T16:51:56","modified_gmt":"2024-05-02T16:51:56","slug":"comunidades-energeticas","status":"publish","type":"page","link":"https:\/\/civicenergy.cat\/es\/blog\/comunidades-energeticas\/","title":{"rendered":"Comunidades energ\u00e9ticas"},"content":{"rendered":"\t\t<div data-elementor-type=\"wp-page\" data-elementor-id=\"1512\" class=\"elementor elementor-1512 elementor-1175\" data-elementor-post-type=\"page\">\n\t\t\t\t\t\t<section class=\"elementor-section elementor-top-section elementor-element elementor-element-2caf580d elementor-section-boxed elementor-section-height-default elementor-section-height-default\" data-id=\"2caf580d\" data-element_type=\"section\">\n\t\t\t\t\t\t<div class=\"elementor-container elementor-column-gap-default\">\n\t\t\t\t\t<div class=\"elementor-column elementor-col-100 elementor-top-column elementor-element elementor-element-1155b88e\" data-id=\"1155b88e\" data-element_type=\"column\">\n\t\t\t<div class=\"elementor-widget-wrap elementor-element-populated\">\n\t\t\t\t\t\t<div class=\"elementor-element elementor-element-45283c4d elementor-widget elementor-widget-heading\" data-id=\"45283c4d\" data-element_type=\"widget\" data-widget_type=\"heading.default\">\n\t\t\t\t<div class=\"elementor-widget-container\">\n\t\t\t\t\t<h2 class=\"elementor-heading-title elementor-size-default\">Comunidades energ\u00e9ticas<\/h2>\t\t\t\t<\/div>\n\t\t\t\t<\/div>\n\t\t\t\t<div class=\"elementor-element elementor-element-3cf0693 elementor-icon-list--layout-inline elementor-align-center elementor-list-item-link-full_width elementor-widget elementor-widget-icon-list\" data-id=\"3cf0693\" data-element_type=\"widget\" data-widget_type=\"icon-list.default\">\n\t\t\t\t<div class=\"elementor-widget-container\">\n\t\t\t\t\t\t\t<ul class=\"elementor-icon-list-items elementor-inline-items\">\n\t\t\t\t\t\t\t<li class=\"elementor-icon-list-item elementor-inline-item\">\n\t\t\t\t\t\t\t\t\t\t\t<a href=\"https:\/\/civicenergy.cat\/es\/blog\/noticias\/\">\n\n\t\t\t\t\t\t\t\t\t\t\t<span class=\"elementor-icon-list-text\">Noticias<\/span>\n\t\t\t\t\t\t\t\t\t\t\t<\/a>\n\t\t\t\t\t\t\t\t\t<\/li>\n\t\t\t\t\t\t\t\t<li class=\"elementor-icon-list-item elementor-inline-item\">\n\t\t\t\t\t\t\t\t\t\t\t<a href=\"https:\/\/civicenergy.cat\/es\/blog\/comunidades-energeticas\/\">\n\n\t\t\t\t\t\t\t\t\t\t\t<span class=\"elementor-icon-list-text\">Comunidades energ\u00e9ticas<\/span>\n\t\t\t\t\t\t\t\t\t\t\t<\/a>\n\t\t\t\t\t\t\t\t\t<\/li>\n\t\t\t\t\t\t\t\t<li class=\"elementor-icon-list-item elementor-inline-item\">\n\t\t\t\t\t\t\t\t\t\t\t<a href=\"https:\/\/civicenergy.cat\/es\/blog\/informacion-de-interes\/\">\n\n\t\t\t\t\t\t\t\t\t\t\t<span class=\"elementor-icon-list-text\">Informaci\u00f3n de inter\u00e9s<\/span>\n\t\t\t\t\t\t\t\t\t\t\t<\/a>\n\t\t\t\t\t\t\t\t\t<\/li>\n\t\t\t\t\t\t<\/ul>\n\t\t\t\t\t\t<\/div>\n\t\t\t\t<\/div>\n\t\t\t\t\t<\/div>\n\t\t<\/div>\n\t\t\t\t\t<\/div>\n\t\t<\/section>\n\t\t\t\t<section class=\"elementor-section elementor-top-section elementor-element elementor-element-3a345327 elementor-section-boxed elementor-section-height-default elementor-section-height-default\" data-id=\"3a345327\" data-element_type=\"section\">\n\t\t\t\t\t\t<div class=\"elementor-container elementor-column-gap-default\">\n\t\t\t\t\t<div class=\"elementor-column elementor-col-100 elementor-top-column elementor-element elementor-element-1d471f21\" data-id=\"1d471f21\" data-element_type=\"column\">\n\t\t\t<div class=\"elementor-widget-wrap elementor-element-populated\">\n\t\t\t\t\t\t\t<\/div>\n\t\t<\/div>\n\t\t\t\t\t<\/div>\n\t\t<\/section>\n\t\t\t\t<\/div>\n\t\t","protected":false},"excerpt":{"rendered":"<p>Comunidades energ\u00e9ticas Noticias Comunidades energ\u00e9ticas Informaci\u00f3n de inter\u00e9s<\/p>\n","protected":false},"author":2,"featured_media":0,"parent":1510,"menu_order":0,"comment_status":"closed","ping_status":"closed","template":"","meta":{"_joinchat":[],"footnotes":""},"class_list":["post-1512","page","type-page","status-publish","hentry"],"yoast_head":"<!-- This site is optimized with the Yoast SEO plugin v24.6 - https:\/\/yoast.com\/wordpress\/plugins\/seo\/ -->\n<title>Comunidades energ\u00e9ticas<\/title>\n<meta name=\"robots\" content=\"index, follow, max-snippet:-1, max-image-preview:large, max-video-preview:-1\" \/>\n<link rel=\"canonical\" href=\"https:\/\/civicenergy.cat\/es\/blog\/comunidades-energeticas\/\" \/>\n<meta property=\"og:locale\" content=\"es_ES\" \/>\n<meta property=\"og:type\" content=\"article\" \/>\n<meta property=\"og:title\" content=\"Comunidades energ\u00e9ticas\" \/>\n<meta property=\"og:description\" content=\"Comunidades energ\u00e9ticas Noticias Comunidades energ\u00e9ticas Informaci\u00f3n de inter\u00e9s\" \/>\n<meta property=\"og:url\" content=\"https:\/\/civicenergy.cat\/es\/blog\/comunidades-energeticas\/\" \/>\n<meta property=\"og:site_name\" content=\"Civic energy\" \/>\n<meta property=\"article:modified_time\" content=\"2024-05-02T16:51:56+00:00\" \/>\n<meta property=\"og:image\" content=\"https:\/\/civicenergy.cat\/wp-content\/uploads\/2023\/02\/cropped-Color.png\" \/>\n\t<meta property=\"og:image:width\" content=\"994\" \/>\n\t<meta property=\"og:image:height\" content=\"259\" \/>\n\t<meta property=\"og:image:type\" content=\"image\/png\" \/>\n<meta name=\"twitter:card\" content=\"summary_large_image\" \/>\n<script type=\"application\/ld+json\" class=\"yoast-schema-graph\">{\"@context\":\"https:\/\/schema.org\",\"@graph\":[{\"@type\":\"WebPage\",\"@id\":\"https:\/\/civicenergy.cat\/es\/blog\/comunidades-energeticas\/\",\"url\":\"https:\/\/civicenergy.cat\/es\/blog\/comunidades-energeticas\/\",\"name\":\"Comunidades energ\u00e9ticas\",\"isPartOf\":{\"@id\":\"https:\/\/civicenergy.cat\/es\/#website\"},\"datePublished\":\"2024-02-01T17:22:43+00:00\",\"dateModified\":\"2024-05-02T16:51:56+00:00\",\"breadcrumb\":{\"@id\":\"https:\/\/civicenergy.cat\/es\/blog\/comunidades-energeticas\/#breadcrumb\"},\"inLanguage\":\"es\",\"potentialAction\":[{\"@type\":\"ReadAction\",\"target\":[\"https:\/\/civicenergy.cat\/es\/blog\/comunidades-energeticas\/\"]}]},{\"@type\":\"BreadcrumbList\",\"@id\":\"https:\/\/civicenergy.cat\/es\/blog\/comunidades-energeticas\/#breadcrumb\",\"itemListElement\":[{\"@type\":\"ListItem\",\"position\":1,\"name\":\"Portada\",\"item\":\"https:\/\/civicenergy.cat\/es\/civic-energy\/\"},{\"@type\":\"ListItem\",\"position\":2,\"name\":\"Blog\",\"item\":\"https:\/\/civicenergy.cat\/es\/blog\/\"},{\"@type\":\"ListItem\",\"position\":3,\"name\":\"Comunidades energ\u00e9ticas\"}]},{\"@type\":\"WebSite\",\"@id\":\"https:\/\/civicenergy.cat\/es\/#website\",\"url\":\"https:\/\/civicenergy.cat\/es\/\",\"name\":\"Civic Energy\",\"description\":\"Comunitats energ\u00e8tiques\",\"publisher\":{\"@id\":\"https:\/\/civicenergy.cat\/es\/#organization\"},\"potentialAction\":[{\"@type\":\"SearchAction\",\"target\":{\"@type\":\"EntryPoint\",\"urlTemplate\":\"https:\/\/civicenergy.cat\/es\/?s={search_term_string}\"},\"query-input\":{\"@type\":\"PropertyValueSpecification\",\"valueRequired\":true,\"valueName\":\"search_term_string\"}}],\"inLanguage\":\"es\"},{\"@type\":\"Organization\",\"@id\":\"https:\/\/civicenergy.cat\/es\/#organization\",\"name\":\"civicenergy\",\"url\":\"https:\/\/civicenergy.cat\/es\/\",\"logo\":{\"@type\":\"ImageObject\",\"inLanguage\":\"es\",\"@id\":\"https:\/\/civicenergy.cat\/es\/#\/schema\/logo\/image\/\",\"url\":\"https:\/\/civicenergy.cat\/wp-content\/uploads\/2023\/02\/cropped-Color.png\",\"contentUrl\":\"https:\/\/civicenergy.cat\/wp-content\/uploads\/2023\/02\/cropped-Color.png\",\"width\":994,\"height\":259,\"caption\":\"civicenergy\"},\"image\":{\"@id\":\"https:\/\/civicenergy.cat\/es\/#\/schema\/logo\/image\/\"}}]}<\/script>\n<!-- \/ Yoast SEO plugin. -->","yoast_head_json":{"title":"Comunidades energ\u00e9ticas","robots":{"index":"index","follow":"follow","max-snippet":"max-snippet:-1","max-image-preview":"max-image-preview:large","max-video-preview":"max-video-preview:-1"},"canonical":"https:\/\/civicenergy.cat\/es\/blog\/comunidades-energeticas\/","og_locale":"es_ES","og_type":"article","og_title":"Comunidades energ\u00e9ticas","og_description":"Comunidades energ\u00e9ticas Noticias Comunidades energ\u00e9ticas Informaci\u00f3n de inter\u00e9s","og_url":"https:\/\/civicenergy.cat\/es\/blog\/comunidades-energeticas\/","og_site_name":"Civic energy","article_modified_time":"2024-05-02T16:51:56+00:00","og_image":[{"width":994,"height":259,"url":"https:\/\/civicenergy.cat\/wp-content\/uploads\/2023\/02\/cropped-Color.png","type":"image\/png"}],"twitter_card":"summary_large_image","schema":{"@context":"https:\/\/schema.org","@graph":[{"@type":"WebPage","@id":"https:\/\/civicenergy.cat\/es\/blog\/comunidades-energeticas\/","url":"https:\/\/civicenergy.cat\/es\/blog\/comunidades-energeticas\/","name":"Comunidades energ\u00e9ticas","isPartOf":{"@id":"https:\/\/civicenergy.cat\/es\/#website"},"datePublished":"2024-02-01T17:22:43+00:00","dateModified":"2024-05-02T16:51:56+00:00","breadcrumb":{"@id":"https:\/\/civicenergy.cat\/es\/blog\/comunidades-energeticas\/#breadcrumb"},"inLanguage":"es","potentialAction":[{"@type":"ReadAction","target":["https:\/\/civicenergy.cat\/es\/blog\/comunidades-energeticas\/"]}]},{"@type":"BreadcrumbList","@id":"https:\/\/civicenergy.cat\/es\/blog\/comunidades-energeticas\/#breadcrumb","itemListElement":[{"@type":"ListItem","position":1,"name":"Portada","item":"https:\/\/civicenergy.cat\/es\/civic-energy\/"},{"@type":"ListItem","position":2,"name":"Blog","item":"https:\/\/civicenergy.cat\/es\/blog\/"},{"@type":"ListItem","position":3,"name":"Comunidades energ\u00e9ticas"}]},{"@type":"WebSite","@id":"https:\/\/civicenergy.cat\/es\/#website","url":"https:\/\/civicenergy.cat\/es\/","name":"Civic Energy","description":"Comunitats energ\u00e8tiques","publisher":{"@id":"https:\/\/civicenergy.cat\/es\/#organization"},"potentialAction":[{"@type":"SearchAction","target":{"@type":"EntryPoint","urlTemplate":"https:\/\/civicenergy.cat\/es\/?s={search_term_string}"},"query-input":{"@type":"PropertyValueSpecification","valueRequired":true,"valueName":"search_term_string"}}],"inLanguage":"es"},{"@type":"Organization","@id":"https:\/\/civicenergy.cat\/es\/#organization","name":"civicenergy","url":"https:\/\/civicenergy.cat\/es\/","logo":{"@type":"ImageObject","inLanguage":"es","@id":"https:\/\/civicenergy.cat\/es\/#\/schema\/logo\/image\/","url":"https:\/\/civicenergy.cat\/wp-content\/uploads\/2023\/02\/cropped-Color.png","contentUrl":"https:\/\/civicenergy.cat\/wp-content\/uploads\/2023\/02\/cropped-Color.png","width":994,"height":259,"caption":"civicenergy"},"image":{"@id":"https:\/\/civicenergy.cat\/es\/#\/schema\/logo\/image\/"}}]}},"_links":{"self":[{"href":"https:\/\/civicenergy.cat\/es\/wp-json\/wp\/v2\/pages\/1512"}],"collection":[{"href":"https:\/\/civicenergy.cat\/es\/wp-json\/wp\/v2\/pages"}],"about":[{"href":"https:\/\/civicenergy.cat\/es\/wp-json\/wp\/v2\/types\/page"}],"author":[{"embeddable":true,"href":"https:\/\/civicenergy.cat\/es\/wp-json\/wp\/v2\/users\/2"}],"replies":[{"embeddable":true,"href":"https:\/\/civicenergy.cat\/es\/wp-json\/wp\/v2\/comments?post=1512"}],"version-history":[{"count":2,"href":"https:\/\/civicenergy.cat\/es\/wp-json\/wp\/v2\/pages\/1512\/revisions"}],"predecessor-version":[{"id":1598,"href":"https:\/\/civicenergy.cat\/es\/wp-json\/wp\/v2\/pages\/1512\/revisions\/1598"}],"up":[{"embeddable":true,"href":"https:\/\/civicenergy.cat\/es\/wp-json\/wp\/v2\/pages\/1510"}],"wp:attachment":[{"href":"https:\/\/civicenergy.cat\/es\/wp-json\/wp\/v2\/media?parent=1512"}],"curies":[{"name":"wp","href":"https:\/\/api.w.org\/{rel}","templated":true}]}}