{"id":1595,"date":"2024-03-12T17:40:19","date_gmt":"2024-03-12T17:40:19","guid":{"rendered":"https:\/\/civicenergy.cat\/politica-de-cookies\/"},"modified":"2024-04-10T20:15:49","modified_gmt":"2024-04-10T20:15:49","slug":"politica-de-cookies","status":"publish","type":"page","link":"https:\/\/civicenergy.cat\/es\/politica-de-cookies\/","title":{"rendered":"Pol\u00edtica de cookies"},"content":{"rendered":"\t\t<div data-elementor-type=\"wp-page\" data-elementor-id=\"1595\" class=\"elementor elementor-1595 elementor-1527\" data-elementor-post-type=\"page\">\n\t\t\t\t\t\t<section class=\"elementor-section elementor-top-section elementor-element elementor-element-58b46c9 elementor-section-boxed elementor-section-height-default elementor-section-height-default\" data-id=\"58b46c9\" data-element_type=\"section\">\n\t\t\t\t\t\t<div class=\"elementor-container elementor-column-gap-default\">\n\t\t\t\t\t<div class=\"elementor-column elementor-col-100 elementor-top-column elementor-element elementor-element-093136b\" data-id=\"093136b\" data-element_type=\"column\">\n\t\t\t<div class=\"elementor-widget-wrap elementor-element-populated\">\n\t\t\t\t\t\t<div class=\"elementor-element elementor-element-87dd97d elementor-widget elementor-widget-text-editor\" data-id=\"87dd97d\" data-element_type=\"widget\" data-widget_type=\"text-editor.default\">\n\t\t\t\t<div class=\"elementor-widget-container\">\n\t\t\t\t\t\t\t\t\t<p class=\"p1\">Siguiendo las directrices de la Agencia Espa\u00f1ola de Protecci\u00f3n de Datos, detallamos el uso de cookies que hace esta web para informar con la m\u00e1xima exactitud posible.<\/p>\n<p class=\"p1\"><b>Este sitio web utiliza las cookies siguientes propias:<\/b><\/p>\n<p class=\"p1\">Cookies de sesi\u00f3n, para garantizar que los usuarios que escriban comentarios al blog sean humanos y no aplicaciones automatizadas. De este modo se combate el correo basura.<\/p>\n<p class=\"p1\"><b>Este sitio web utiliza las cookies siguientes de terceros:<\/b><\/p>\n<p class=\"p1\">Google Analytics: Almacena cookies para poder elaborar estad\u00edsticas sobre el tr\u00e1fico y volumen de visitas de este web. Al hacer uso de este sitio web, est\u00e1 consintiendo el tratamiento de informaci\u00f3n sobre usted por Google. Por lo tanto, el ejercicio de cualquier derecho en este sentido tendr\u00e1 que hacerse comunicando directamente con Google.<\/p>\n<p class=\"p1\"><b>Redes sociales: <\/b><\/p>\n<p class=\"p1\">Cada red social usa sus propias galletas para que puedas pinchar en botones del tipo \u201cMe gusta\u201d o \u201cCompartir\u201d.<\/p>\n<p class=\"p1\"><b>Desactivaci\u00f3n o eliminici\u00f3n de cookies: <br \/><\/b>En cualquier momento podr\u00e1 ejercer su derecho de desactivaci\u00f3n o eliminaci\u00f3n de galletas de este sitio web. Estas acciones se realizan de forma diferente en funci\u00f3n del navegador que est\u00e9 utilizando.<\/p>\n<p class=\"p1\"><b>Notas adicionales<\/b><\/p>\n<p class=\"p1\">Ni esta web ni sus representantes legales se hacen responsables ni del contenido ni de la veracidad de las pol\u00edticas de privacidad que puedan tener los terceros mencionados en esta pol\u00edtica de cookies.<\/p>\n\t\t\t\t\t\t\t\t<\/div>\n\t\t\t\t<\/div>\n\t\t\t\t\t<\/div>\n\t\t<\/div>\n\t\t\t\t\t<\/div>\n\t\t<\/section>\n\t\t\t\t<\/div>\n\t\t","protected":false},"excerpt":{"rendered":"<p>Siguiendo las directrices de la Agencia Espa\u00f1ola de Protecci\u00f3n de Datos, detallamos el uso de cookies que hace esta web para informar con la m\u00e1xima exactitud posible. Este sitio web utiliza las cookies siguientes propias: Cookies de sesi\u00f3n, para garantizar que los usuarios que escriban comentarios al blog sean humanos y no aplicaciones automatizadas. De [&hellip;]<\/p>\n","protected":false},"author":2,"featured_media":0,"parent":0,"menu_order":0,"comment_status":"closed","ping_status":"closed","template":"","meta":{"_joinchat":[],"footnotes":""},"class_list":["post-1595","page","type-page","status-publish","hentry"],"yoast_head":"<!-- This site is optimized with the Yoast SEO plugin v24.6 - https:\/\/yoast.com\/wordpress\/plugins\/seo\/ -->\n<title>Pol\u00edtica de cookies | Civic energy<\/title>\n<meta name=\"robots\" content=\"index, follow, max-snippet:-1, max-image-preview:large, max-video-preview:-1\" \/>\n<link rel=\"canonical\" href=\"https:\/\/civicenergy.cat\/es\/politica-de-cookies\/\" \/>\n<meta property=\"og:locale\" content=\"es_ES\" \/>\n<meta property=\"og:type\" content=\"article\" \/>\n<meta property=\"og:title\" content=\"Pol\u00edtica de cookies | Civic energy\" \/>\n<meta property=\"og:description\" content=\"Siguiendo las directrices de la Agencia Espa\u00f1ola de Protecci\u00f3n de Datos, detallamos el uso de cookies que hace esta web para informar con la m\u00e1xima exactitud posible. Este sitio web utiliza las cookies siguientes propias: Cookies de sesi\u00f3n, para garantizar que los usuarios que escriban comentarios al blog sean humanos y no aplicaciones automatizadas. De [&hellip;]\" \/>\n<meta property=\"og:url\" content=\"https:\/\/civicenergy.cat\/es\/politica-de-cookies\/\" \/>\n<meta property=\"og:site_name\" content=\"Civic energy\" \/>\n<meta property=\"article:modified_time\" content=\"2024-04-10T20:15:49+00:00\" \/>\n<meta property=\"og:image\" content=\"https:\/\/civicenergy.cat\/wp-content\/uploads\/2023\/02\/cropped-Color.png\" \/>\n\t<meta property=\"og:image:width\" content=\"994\" \/>\n\t<meta property=\"og:image:height\" content=\"259\" \/>\n\t<meta property=\"og:image:type\" content=\"image\/png\" \/>\n<meta name=\"twitter:card\" content=\"summary_large_image\" \/>\n<meta name=\"twitter:label1\" content=\"Tiempo de lectura\" \/>\n\t<meta name=\"twitter:data1\" content=\"1 minuto\" \/>\n<script type=\"application\/ld+json\" class=\"yoast-schema-graph\">{\"@context\":\"https:\/\/schema.org\",\"@graph\":[{\"@type\":\"WebPage\",\"@id\":\"https:\/\/civicenergy.cat\/es\/politica-de-cookies\/\",\"url\":\"https:\/\/civicenergy.cat\/es\/politica-de-cookies\/\",\"name\":\"Pol\u00edtica de cookies | Civic energy\",\"isPartOf\":{\"@id\":\"https:\/\/civicenergy.cat\/es\/#website\"},\"datePublished\":\"2024-03-12T17:40:19+00:00\",\"dateModified\":\"2024-04-10T20:15:49+00:00\",\"breadcrumb\":{\"@id\":\"https:\/\/civicenergy.cat\/es\/politica-de-cookies\/#breadcrumb\"},\"inLanguage\":\"es\",\"potentialAction\":[{\"@type\":\"ReadAction\",\"target\":[\"https:\/\/civicenergy.cat\/es\/politica-de-cookies\/\"]}]},{\"@type\":\"BreadcrumbList\",\"@id\":\"https:\/\/civicenergy.cat\/es\/politica-de-cookies\/#breadcrumb\",\"itemListElement\":[{\"@type\":\"ListItem\",\"position\":1,\"name\":\"Portada\",\"item\":\"https:\/\/civicenergy.cat\/es\/civic-energy\/\"},{\"@type\":\"ListItem\",\"position\":2,\"name\":\"Pol\u00edtica de cookies\"}]},{\"@type\":\"WebSite\",\"@id\":\"https:\/\/civicenergy.cat\/es\/#website\",\"url\":\"https:\/\/civicenergy.cat\/es\/\",\"name\":\"Civic Energy\",\"description\":\"Comunitats energ\u00e8tiques\",\"publisher\":{\"@id\":\"https:\/\/civicenergy.cat\/es\/#organization\"},\"potentialAction\":[{\"@type\":\"SearchAction\",\"target\":{\"@type\":\"EntryPoint\",\"urlTemplate\":\"https:\/\/civicenergy.cat\/es\/?s={search_term_string}\"},\"query-input\":{\"@type\":\"PropertyValueSpecification\",\"valueRequired\":true,\"valueName\":\"search_term_string\"}}],\"inLanguage\":\"es\"},{\"@type\":\"Organization\",\"@id\":\"https:\/\/civicenergy.cat\/es\/#organization\",\"name\":\"civicenergy\",\"url\":\"https:\/\/civicenergy.cat\/es\/\",\"logo\":{\"@type\":\"ImageObject\",\"inLanguage\":\"es\",\"@id\":\"https:\/\/civicenergy.cat\/es\/#\/schema\/logo\/image\/\",\"url\":\"https:\/\/civicenergy.cat\/wp-content\/uploads\/2023\/02\/cropped-Color.png\",\"contentUrl\":\"https:\/\/civicenergy.cat\/wp-content\/uploads\/2023\/02\/cropped-Color.png\",\"width\":994,\"height\":259,\"caption\":\"civicenergy\"},\"image\":{\"@id\":\"https:\/\/civicenergy.cat\/es\/#\/schema\/logo\/image\/\"}}]}<\/script>\n<!-- \/ Yoast SEO plugin. -->","yoast_head_json":{"title":"Pol\u00edtica de cookies | Civic energy","robots":{"index":"index","follow":"follow","max-snippet":"max-snippet:-1","max-image-preview":"max-image-preview:large","max-video-preview":"max-video-preview:-1"},"canonical":"https:\/\/civicenergy.cat\/es\/politica-de-cookies\/","og_locale":"es_ES","og_type":"article","og_title":"Pol\u00edtica de cookies | Civic energy","og_description":"Siguiendo las directrices de la Agencia Espa\u00f1ola de Protecci\u00f3n de Datos, detallamos el uso de cookies que hace esta web para informar con la m\u00e1xima exactitud posible. Este sitio web utiliza las cookies siguientes propias: Cookies de sesi\u00f3n, para garantizar que los usuarios que escriban comentarios al blog sean humanos y no aplicaciones automatizadas. De [&hellip;]","og_url":"https:\/\/civicenergy.cat\/es\/politica-de-cookies\/","og_site_name":"Civic energy","article_modified_time":"2024-04-10T20:15:49+00:00","og_image":[{"width":994,"height":259,"url":"https:\/\/civicenergy.cat\/wp-content\/uploads\/2023\/02\/cropped-Color.png","type":"image\/png"}],"twitter_card":"summary_large_image","twitter_misc":{"Tiempo de lectura":"1 minuto"},"schema":{"@context":"https:\/\/schema.org","@graph":[{"@type":"WebPage","@id":"https:\/\/civicenergy.cat\/es\/politica-de-cookies\/","url":"https:\/\/civicenergy.cat\/es\/politica-de-cookies\/","name":"Pol\u00edtica de cookies | Civic energy","isPartOf":{"@id":"https:\/\/civicenergy.cat\/es\/#website"},"datePublished":"2024-03-12T17:40:19+00:00","dateModified":"2024-04-10T20:15:49+00:00","breadcrumb":{"@id":"https:\/\/civicenergy.cat\/es\/politica-de-cookies\/#breadcrumb"},"inLanguage":"es","potentialAction":[{"@type":"ReadAction","target":["https:\/\/civicenergy.cat\/es\/politica-de-cookies\/"]}]},{"@type":"BreadcrumbList","@id":"https:\/\/civicenergy.cat\/es\/politica-de-cookies\/#breadcrumb","itemListElement":[{"@type":"ListItem","position":1,"name":"Portada","item":"https:\/\/civicenergy.cat\/es\/civic-energy\/"},{"@type":"ListItem","position":2,"name":"Pol\u00edtica de cookies"}]},{"@type":"WebSite","@id":"https:\/\/civicenergy.cat\/es\/#website","url":"https:\/\/civicenergy.cat\/es\/","name":"Civic Energy","description":"Comunitats energ\u00e8tiques","publisher":{"@id":"https:\/\/civicenergy.cat\/es\/#organization"},"potentialAction":[{"@type":"SearchAction","target":{"@type":"EntryPoint","urlTemplate":"https:\/\/civicenergy.cat\/es\/?s={search_term_string}"},"query-input":{"@type":"PropertyValueSpecification","valueRequired":true,"valueName":"search_term_string"}}],"inLanguage":"es"},{"@type":"Organization","@id":"https:\/\/civicenergy.cat\/es\/#organization","name":"civicenergy","url":"https:\/\/civicenergy.cat\/es\/","logo":{"@type":"ImageObject","inLanguage":"es","@id":"https:\/\/civicenergy.cat\/es\/#\/schema\/logo\/image\/","url":"https:\/\/civicenergy.cat\/wp-content\/uploads\/2023\/02\/cropped-Color.png","contentUrl":"https:\/\/civicenergy.cat\/wp-content\/uploads\/2023\/02\/cropped-Color.png","width":994,"height":259,"caption":"civicenergy"},"image":{"@id":"https:\/\/civicenergy.cat\/es\/#\/schema\/logo\/image\/"}}]}},"_links":{"self":[{"href":"https:\/\/civicenergy.cat\/es\/wp-json\/wp\/v2\/pages\/1595"}],"collection":[{"href":"https:\/\/civicenergy.cat\/es\/wp-json\/wp\/v2\/pages"}],"about":[{"href":"https:\/\/civicenergy.cat\/es\/wp-json\/wp\/v2\/types\/page"}],"author":[{"embeddable":true,"href":"https:\/\/civicenergy.cat\/es\/wp-json\/wp\/v2\/users\/2"}],"replies":[{"embeddable":true,"href":"https:\/\/civicenergy.cat\/es\/wp-json\/wp\/v2\/comments?post=1595"}],"version-history":[{"count":1,"href":"https:\/\/civicenergy.cat\/es\/wp-json\/wp\/v2\/pages\/1595\/revisions"}],"predecessor-version":[{"id":1596,"href":"https:\/\/civicenergy.cat\/es\/wp-json\/wp\/v2\/pages\/1595\/revisions\/1596"}],"wp:attachment":[{"href":"https:\/\/civicenergy.cat\/es\/wp-json\/wp\/v2\/media?parent=1595"}],"curies":[{"name":"wp","href":"https:\/\/api.w.org\/{rel}","templated":true}]}}